{"id":44,"date":"2020-11-02T22:27:20","date_gmt":"2020-11-02T21:27:20","guid":{"rendered":"https:\/\/lipkowski.com\/?page_id=44"},"modified":"2020-11-02T22:50:42","modified_gmt":"2020-11-02T21:50:42","slug":"whoami","status":"publish","type":"page","link":"https:\/\/lipkowski.com\/pl\/whoami\/","title":{"rendered":"whoami"},"content":{"rendered":"<p>Cze\u015b\u0107, nazywam si\u0119 Jacek Lipkowski. Jestem licencjonowanym kr\u00f3tkofalowcem od 1993 roku, m\u00f3j znak wywo\u0142awczy to SQ5BPF.<\/p>\n<p>Poza radiem lubie si\u0119 bawi\u0107 elektronik\u0105, wszelkimi rzeczami zwi\u0105zanymi z komputerami (w tym bezpiecze\u0144stwem) i robi\u0107 r\u00f3\u017cne mniej lub bardziej niem\u0105dre hacki.<\/p>\n<p>Inne rzeczy mo\u017cna znale\u017a\u0107na\u00a0 <a href=\"https:\/\/github.com\/sq5bpf\/\">https:\/\/github.com\/sq5bpf\/<\/a> albo szukaj\u0105c w internecie po moim\u00a0 <a href=\"https:\/\/www.google.com\/search?q=sq5bpf\">znaku wywo\u0142awczym<\/a> .<\/p>\n<p>Poczt\u0119 prosz\u0119 wysy\u0142a\u0107 na m\u00f3j znak wywo\u0142awczy @ ta domena.<\/p>\n<p>&nbsp;<\/p>\n<p>&nbsp;<\/p>\n","protected":false},"excerpt":{"rendered":"<p>Cze\u015b\u0107, nazywam si\u0119 Jacek Lipkowski. Jestem licencjonowanym kr\u00f3tkofalowcem od 1993 roku, m\u00f3j znak wywo\u0142awczy to SQ5BPF. Poza radiem lubie si\u0119 bawi\u0107 elektronik\u0105, wszelkimi rzeczami zwi\u0105zanymi z komputerami (w tym bezpiecze\u0144stwem) i robi\u0107 r\u00f3\u017cne mniej lub bardziej niem\u0105dre hacki. Inne rzeczy mo\u017cna znale\u017a\u0107na\u00a0 https:\/\/github.com\/sq5bpf\/ albo szukaj\u0105c w internecie po moim\u00a0 znaku wywo\u0142awczym . Poczt\u0119 prosz\u0119 wysy\u0142a\u0107 &hellip; <\/p>\n<p class=\"link-more\"><a href=\"https:\/\/lipkowski.com\/pl\/whoami\/\" class=\"more-link\">Continue reading<span class=\"screen-reader-text\"> &#8220;whoami&#8221;<\/span><\/a><\/p>\n","protected":false},"author":1,"featured_media":0,"parent":0,"menu_order":0,"comment_status":"closed","ping_status":"closed","template":"","meta":{"footnotes":""},"class_list":["post-44","page","type-page","status-publish","hentry"],"translation":{"provider":"WPGlobus","version":"3.0.1","language":"pl","enabled_languages":["en","pl"],"languages":{"en":{"title":true,"content":true,"excerpt":false},"pl":{"title":true,"content":true,"excerpt":false}}},"_links":{"self":[{"href":"https:\/\/lipkowski.com\/pl\/wp-json\/wp\/v2\/pages\/44","targetHints":{"allow":["GET"]}}],"collection":[{"href":"https:\/\/lipkowski.com\/pl\/wp-json\/wp\/v2\/pages"}],"about":[{"href":"https:\/\/lipkowski.com\/pl\/wp-json\/wp\/v2\/types\/page"}],"author":[{"embeddable":true,"href":"https:\/\/lipkowski.com\/pl\/wp-json\/wp\/v2\/users\/1"}],"replies":[{"embeddable":true,"href":"https:\/\/lipkowski.com\/pl\/wp-json\/wp\/v2\/comments?post=44"}],"version-history":[{"count":5,"href":"https:\/\/lipkowski.com\/pl\/wp-json\/wp\/v2\/pages\/44\/revisions"}],"predecessor-version":[{"id":89,"href":"https:\/\/lipkowski.com\/pl\/wp-json\/wp\/v2\/pages\/44\/revisions\/89"}],"wp:attachment":[{"href":"https:\/\/lipkowski.com\/pl\/wp-json\/wp\/v2\/media?parent=44"}],"curies":[{"name":"wp","href":"https:\/\/api.w.org\/{rel}","templated":true}]}}